{"id":217,"date":"2026-04-26T20:42:50","date_gmt":"2026-04-26T23:42:50","guid":{"rendered":"https:\/\/darkseagreen-rhinoceros-354725.hostingersite.com\/?page_id=217"},"modified":"2026-04-26T20:43:19","modified_gmt":"2026-04-26T23:43:19","slug":"consentimento-de-telemedicina","status":"publish","type":"page","link":"https:\/\/uroaxis.com.br\/difuncao-eretil\/?page_id=217","title":{"rendered":"Consentimento de Telemedicina"},"content":{"rendered":"\t\t<div data-elementor-type=\"wp-page\" data-elementor-id=\"217\" class=\"elementor elementor-217\" data-elementor-post-type=\"page\">\n\t\t\t\t<div class=\"elementor-element elementor-element-28825027 e-flex e-con-boxed e-con e-parent\" data-id=\"28825027\" data-element_type=\"container\">\n\t\t\t\t\t<div class=\"e-con-inner\">\n\t\t\t\t<div class=\"elementor-element elementor-element-16bd20bc elementor-widget elementor-widget-text-editor\" data-id=\"16bd20bc\" data-element_type=\"widget\" data-widget_type=\"text-editor.default\">\n\t\t\t\t<div class=\"elementor-widget-container\">\n\t\t\t\t\t\t\t\t\t<h1 data-section-id=\"10anj9\" data-start=\"70\" data-end=\"119\">Consentimento para Atendimento por Telemedicina<\/h1><p data-start=\"121\" data-end=\"161\"><strong data-start=\"121\" data-end=\"144\">\u00daltima atualiza\u00e7\u00e3o:<\/strong> 26\/04\/2026<\/p><p data-start=\"163\" data-end=\"289\">Este documento registra o consentimento livre e esclarecido do paciente para a realiza\u00e7\u00e3o de consulta m\u00e9dica por telemedicina.<\/p><p data-start=\"291\" data-end=\"418\">Ao prosseguir com o agendamento e realizar a consulta, o paciente declara que leu, compreendeu e concorda com os termos abaixo.<\/p><hr data-start=\"420\" data-end=\"423\" \/><h2 data-section-id=\"1ij7d5w\" data-start=\"425\" data-end=\"453\">1. O que \u00e9 a telemedicina<\/h2><p data-start=\"455\" data-end=\"601\">A telemedicina \u00e9 a presta\u00e7\u00e3o de servi\u00e7os m\u00e9dicos mediada por tecnologias digitais de comunica\u00e7\u00e3o, conforme normas do Conselho Federal de Medicina.<\/p><p data-start=\"603\" data-end=\"677\">A consulta ser\u00e1 realizada por videoconfer\u00eancia em ambiente digital seguro.<\/p><hr data-start=\"679\" data-end=\"682\" \/><h2 data-section-id=\"ijm8pf\" data-start=\"684\" data-end=\"733\">2. O que pode ser realizado na consulta online<\/h2><p data-start=\"735\" data-end=\"776\">A consulta por telemedicina pode incluir:<\/p><ul data-start=\"778\" data-end=\"987\"><li data-section-id=\"3gwlb3\" data-start=\"778\" data-end=\"807\">Avalia\u00e7\u00e3o cl\u00ednica inicial<\/li><li data-section-id=\"g55t8c\" data-start=\"808\" data-end=\"845\">Orienta\u00e7\u00e3o m\u00e9dica individualizada<\/li><li data-section-id=\"1lo30lf\" data-start=\"846\" data-end=\"871\">Solicita\u00e7\u00e3o de exames<\/li><li data-section-id=\"1rath5a\" data-start=\"872\" data-end=\"912\">Emiss\u00e3o de receitas m\u00e9dicas digitais<\/li><li data-section-id=\"okubrg\" data-start=\"913\" data-end=\"962\">Emiss\u00e3o de atestados m\u00e9dicos quando indicados<\/li><li data-section-id=\"eg80x6\" data-start=\"963\" data-end=\"987\">Acompanhamento cl\u00ednico<\/li><\/ul><hr data-start=\"989\" data-end=\"992\" \/><h2 data-section-id=\"qhhhgf\" data-start=\"994\" data-end=\"1029\">3. Limita\u00e7\u00f5es da consulta online<\/h2><p data-start=\"1031\" data-end=\"1070\">O paciente declara estar ciente de que:<\/p><ul data-start=\"1072\" data-end=\"1323\"><li data-section-id=\"1p4xb33\" data-start=\"1072\" data-end=\"1137\">A consulta \u00e9 baseada nas informa\u00e7\u00f5es fornecidas pelo paciente<\/li><li data-section-id=\"1ud2k3t\" data-start=\"1138\" data-end=\"1196\">Algumas condi\u00e7\u00f5es podem exigir exame f\u00edsico presencial<\/li><li data-section-id=\"1wnbdjw\" data-start=\"1197\" data-end=\"1254\">Pode ser necess\u00e1ria avalia\u00e7\u00e3o presencial complementar<\/li><li data-section-id=\"4dle0s\" data-start=\"1255\" data-end=\"1323\">A telemedicina n\u00e3o substitui atendimento de urg\u00eancia ou emerg\u00eancia<\/li><\/ul><p data-start=\"1325\" data-end=\"1415\">Em situa\u00e7\u00f5es de urg\u00eancia, o paciente deve procurar atendimento m\u00e9dico presencial imediato.<\/p><hr data-start=\"1417\" data-end=\"1420\" \/><h2 data-section-id=\"c0yqe2\" data-start=\"1422\" data-end=\"1455\">4. Privacidade e sigilo m\u00e9dico<\/h2><p data-start=\"1457\" data-end=\"1549\">A consulta \u00e9 protegida por sigilo m\u00e9dico e confidencialidade, conforme a legisla\u00e7\u00e3o vigente.<\/p><p data-start=\"1551\" data-end=\"1627\">O paciente compromete-se a realizar a consulta em ambiente privado e seguro.<\/p><hr data-start=\"1629\" data-end=\"1632\" \/><h2 data-section-id=\"87ec51\" data-start=\"1634\" data-end=\"1657\">5. Prote\u00e7\u00e3o de dados<\/h2><p data-start=\"1659\" data-end=\"1850\">Os dados pessoais e dados de sa\u00fade ser\u00e3o utilizados exclusivamente para fins assistenciais, conforme a Pol\u00edtica de Privacidade dispon\u00edvel neste site e a Lei Geral de Prote\u00e7\u00e3o de Dados (LGPD).<\/p><hr data-start=\"1852\" data-end=\"1855\" \/><h2 data-section-id=\"uxvjxk\" data-start=\"1857\" data-end=\"1896\">6. Consentimento livre e esclarecido<\/h2><p data-start=\"1898\" data-end=\"1955\">Ao agendar e realizar a consulta, o paciente declara que:<\/p><ul data-start=\"1957\" data-end=\"2154\"><li data-section-id=\"j4kctg\" data-start=\"1957\" data-end=\"2000\">Compreende como funciona a telemedicina<\/li><li data-section-id=\"1lsfqk0\" data-start=\"2001\" data-end=\"2044\">Est\u00e1 de acordo com o atendimento remoto<\/li><li data-section-id=\"1qplktk\" data-start=\"2045\" data-end=\"2101\">Autoriza o uso de seus dados para fins assistenciais<\/li><li data-section-id=\"1sprwfr\" data-start=\"2102\" data-end=\"2154\">Est\u00e1 ciente das limita\u00e7\u00f5es do atendimento online<\/li><\/ul><p data-start=\"2156\" data-end=\"2226\">Este consentimento \u00e9 fornecido de forma livre, informada e volunt\u00e1ria.<\/p>\t\t\t\t\t\t\t\t<\/div>\n\t\t\t\t<\/div>\n\t\t\t\t\t<\/div>\n\t\t\t\t<\/div>\n\t\t<div class=\"elementor-element elementor-element-683dccc4 e-flex e-con-boxed e-con e-parent\" data-id=\"683dccc4\" data-element_type=\"container\">\n\t\t\t\t\t<div class=\"e-con-inner\">\n\t\t\t\t<div class=\"elementor-element elementor-element-756dd383 elementor-align-center elementor-widget elementor-widget-button\" data-id=\"756dd383\" data-element_type=\"widget\" data-widget_type=\"button.default\">\n\t\t\t\t<div class=\"elementor-widget-container\">\n\t\t\t\t\t\t\t\t\t<div class=\"elementor-button-wrapper\">\n\t\t\t\t\t<a class=\"elementor-button elementor-button-link elementor-size-sm\" href=\"https:\/\/uroaxis.com.br\/difuncao-eretil\/\">\n\t\t\t\t\t\t<span class=\"elementor-button-content-wrapper\">\n\t\t\t\t\t\t\t\t\t<span class=\"elementor-button-text\">RETORNAR PARA P\u00c1GINA PRINCIPAL<\/span>\n\t\t\t\t\t<\/span>\n\t\t\t\t\t<\/a>\n\t\t\t\t<\/div>\n\t\t\t\t\t\t\t\t<\/div>\n\t\t\t\t<\/div>\n\t\t\t\t\t<\/div>\n\t\t\t\t<\/div>\n\t\t\t\t<\/div>\n\t\t","protected":false},"excerpt":{"rendered":"<p>Consentimento para Atendimento por Telemedicina \u00daltima atualiza\u00e7\u00e3o: 26\/04\/2026 Este documento registra o consentimento livre e esclarecido do paciente para a realiza\u00e7\u00e3o de consulta m\u00e9dica por telemedicina. Ao prosseguir com o agendamento e realizar a consulta, o paciente declara que leu, compreendeu e concorda com os termos abaixo. 1. O que \u00e9 a telemedicina A telemedicina [&hellip;]<\/p>\n","protected":false},"author":1,"featured_media":0,"parent":0,"menu_order":0,"comment_status":"closed","ping_status":"closed","template":"elementor_canvas","meta":{"footnotes":""},"class_list":["post-217","page","type-page","status-publish","hentry"],"_hostinger_reach_plugin_has_subscription_block":false,"_hostinger_reach_plugin_is_elementor":false,"_links":{"self":[{"href":"https:\/\/uroaxis.com.br\/difuncao-eretil\/index.php?rest_route=\/wp\/v2\/pages\/217","targetHints":{"allow":["GET"]}}],"collection":[{"href":"https:\/\/uroaxis.com.br\/difuncao-eretil\/index.php?rest_route=\/wp\/v2\/pages"}],"about":[{"href":"https:\/\/uroaxis.com.br\/difuncao-eretil\/index.php?rest_route=\/wp\/v2\/types\/page"}],"author":[{"embeddable":true,"href":"https:\/\/uroaxis.com.br\/difuncao-eretil\/index.php?rest_route=\/wp\/v2\/users\/1"}],"replies":[{"embeddable":true,"href":"https:\/\/uroaxis.com.br\/difuncao-eretil\/index.php?rest_route=%2Fwp%2Fv2%2Fcomments&post=217"}],"version-history":[{"count":4,"href":"https:\/\/uroaxis.com.br\/difuncao-eretil\/index.php?rest_route=\/wp\/v2\/pages\/217\/revisions"}],"predecessor-version":[{"id":221,"href":"https:\/\/uroaxis.com.br\/difuncao-eretil\/index.php?rest_route=\/wp\/v2\/pages\/217\/revisions\/221"}],"wp:attachment":[{"href":"https:\/\/uroaxis.com.br\/difuncao-eretil\/index.php?rest_route=%2Fwp%2Fv2%2Fmedia&parent=217"}],"curies":[{"name":"wp","href":"https:\/\/api.w.org\/{rel}","templated":true}]}}